{"id":1206,"date":"2026-03-24T18:49:54","date_gmt":"2026-03-24T17:49:54","guid":{"rendered":"https:\/\/archivista.info\/?page_id=1206"},"modified":"2026-03-27T20:17:53","modified_gmt":"2026-03-27T19:17:53","slug":"giornalismo-filosofico","status":"publish","type":"page","link":"https:\/\/archivista.info\/index.php\/giornalismo-filosofico\/","title":{"rendered":"giornalismo filosofico"},"content":{"rendered":"\n<h6 class=\"wp-block-heading\">Il giornalismo filosofico \u00e8 un genere della critica che indaga il presente. La filosofia acquisisce una dimensione storico-critica e l&#8217;inchiesta si incentra sulla domanda &#8220;Cosa sta per accaderci?&#8221;, &#8220;chi siamo noi oggi?&#8221;. Michel Foucault scriveva che questa questione filosofica \u00e8 anche alla base del mestiere di giornalista.<\/h6>\n\n\n\n<hr class=\"wp-block-separator has-alpha-channel-opacity\"\/>\n\n\n\n<div class=\"wp-block-media-text is-stacked-on-mobile is-vertically-aligned-top\" style=\"grid-template-columns:54% auto\"><figure class=\"wp-block-media-text__media\"><img loading=\"lazy\" decoding=\"async\" width=\"1024\" height=\"683\" src=\"https:\/\/archivista.info\/wp-content\/uploads\/2026\/03\/jr-korpa-SFT9G3pAxLY-unsplash-1024x683.jpg\" alt=\"\" class=\"wp-image-1217 size-full\" srcset=\"https:\/\/archivista.info\/wp-content\/uploads\/2026\/03\/jr-korpa-SFT9G3pAxLY-unsplash-1024x683.jpg 1024w, https:\/\/archivista.info\/wp-content\/uploads\/2026\/03\/jr-korpa-SFT9G3pAxLY-unsplash-300x200.jpg 300w, https:\/\/archivista.info\/wp-content\/uploads\/2026\/03\/jr-korpa-SFT9G3pAxLY-unsplash-768x512.jpg 768w, https:\/\/archivista.info\/wp-content\/uploads\/2026\/03\/jr-korpa-SFT9G3pAxLY-unsplash-1536x1024.jpg 1536w, https:\/\/archivista.info\/wp-content\/uploads\/2026\/03\/jr-korpa-SFT9G3pAxLY-unsplash-2048x1365.jpg 2048w, https:\/\/archivista.info\/wp-content\/uploads\/2026\/03\/jr-korpa-SFT9G3pAxLY-unsplash-272x182.jpg 272w\" sizes=\"auto, (max-width: 1024px) 100vw, 1024px\" \/><\/figure><div class=\"wp-block-media-text__content\">\n<div class=\"wp-block-group\"><div class=\"wp-block-group__inner-container is-layout-constrained wp-block-group-is-layout-constrained\"><style>.wp-block-kadence-advancedheading.kt-adv-heading1206_a16429-7e, .wp-block-kadence-advancedheading.kt-adv-heading1206_a16429-7e[data-kb-block=\"kb-adv-heading1206_a16429-7e\"]{font-style:normal;}.wp-block-kadence-advancedheading.kt-adv-heading1206_a16429-7e mark.kt-highlight, .wp-block-kadence-advancedheading.kt-adv-heading1206_a16429-7e[data-kb-block=\"kb-adv-heading1206_a16429-7e\"] mark.kt-highlight{font-style:normal;color:#f76a0c;-webkit-box-decoration-break:clone;box-decoration-break:clone;padding-top:0px;padding-right:0px;padding-bottom:0px;padding-left:0px;}.wp-block-kadence-advancedheading.kt-adv-heading1206_a16429-7e img.kb-inline-image, .wp-block-kadence-advancedheading.kt-adv-heading1206_a16429-7e[data-kb-block=\"kb-adv-heading1206_a16429-7e\"] img.kb-inline-image{width:150px;vertical-align:baseline;}<\/style>\n<h4 class=\"kt-adv-heading1206_a16429-7e wp-block-kadence-advancedheading\" data-kb-block=\"kb-adv-heading1206_a16429-7e\">La scia della lumaca<\/h4>\n\n\n\n<p class=\"has--font-size\">Memorie di un cane sciolto II <\/p>\n\n\n<style>.wp-block-kadence-advancedheading.kt-adv-heading1206_19336d-f1, .wp-block-kadence-advancedheading.kt-adv-heading1206_19336d-f1[data-kb-block=\"kb-adv-heading1206_19336d-f1\"]{font-style:normal;}.wp-block-kadence-advancedheading.kt-adv-heading1206_19336d-f1 mark.kt-highlight, .wp-block-kadence-advancedheading.kt-adv-heading1206_19336d-f1[data-kb-block=\"kb-adv-heading1206_19336d-f1\"] mark.kt-highlight{font-style:normal;color:#f76a0c;-webkit-box-decoration-break:clone;box-decoration-break:clone;padding-top:0px;padding-right:0px;padding-bottom:0px;padding-left:0px;}.wp-block-kadence-advancedheading.kt-adv-heading1206_19336d-f1 img.kb-inline-image, .wp-block-kadence-advancedheading.kt-adv-heading1206_19336d-f1[data-kb-block=\"kb-adv-heading1206_19336d-f1\"] img.kb-inline-image{width:150px;vertical-align:baseline;}<\/style>\n<p class=\"kt-adv-heading1206_19336d-f1 wp-block-kadence-advancedheading\" data-kb-block=\"kb-adv-heading1206_19336d-f1\">Alla fine della vita, provocata per lo pi\u00f9 dagli umani, gli alberi mostrano la loro et\u00e0. Anelli pi\u00f9 larghi parlano di anni secolari. Dal centro del tronco tagliato l&#8217;infanzia vegetale si spande nei cerchi maggiori.<\/p>\n\n\n\n<div class=\"wp-block-buttons is-content-justification-right is-layout-flex wp-container-core-buttons-is-layout-765c4724 wp-block-buttons-is-layout-flex\">\n<div class=\"wp-block-button is-style-fill\"><a class=\"wp-block-button__link wp-element-button\" href=\"https:\/\/archivista.info\/?p=1223&amp;preview=true\">leggi tutto<\/a><\/div>\n<\/div>\n<\/div><\/div>\n<\/div><\/div>\n\n\n\n<div class=\"wp-block-media-text is-stacked-on-mobile is-vertically-aligned-top\" style=\"grid-template-columns:54% auto\"><figure class=\"wp-block-media-text__media\"><img loading=\"lazy\" decoding=\"async\" width=\"1024\" height=\"576\" src=\"https:\/\/archivista.info\/wp-content\/uploads\/2026\/03\/daniel-olah-OlTjeydUpQw-unsplash-scaled-e1774459509677-1024x576.jpg\" alt=\"\" class=\"wp-image-1218 size-full\" srcset=\"https:\/\/archivista.info\/wp-content\/uploads\/2026\/03\/daniel-olah-OlTjeydUpQw-unsplash-scaled-e1774459509677-1024x576.jpg 1024w, https:\/\/archivista.info\/wp-content\/uploads\/2026\/03\/daniel-olah-OlTjeydUpQw-unsplash-scaled-e1774459509677-300x169.jpg 300w, https:\/\/archivista.info\/wp-content\/uploads\/2026\/03\/daniel-olah-OlTjeydUpQw-unsplash-scaled-e1774459509677-768x432.jpg 768w, https:\/\/archivista.info\/wp-content\/uploads\/2026\/03\/daniel-olah-OlTjeydUpQw-unsplash-scaled-e1774459509677-1536x864.jpg 1536w, https:\/\/archivista.info\/wp-content\/uploads\/2026\/03\/daniel-olah-OlTjeydUpQw-unsplash-scaled-e1774459509677-2048x1152.jpg 2048w\" sizes=\"auto, (max-width: 1024px) 100vw, 1024px\" \/><\/figure><div class=\"wp-block-media-text__content\">\n<h4 class=\"wp-block-heading\">L&#8217;esilio come rivoluzione<\/h4>\n\n\n<style>.wp-block-kadence-advancedheading.kt-adv-heading1206_5791b4-a7, .wp-block-kadence-advancedheading.kt-adv-heading1206_5791b4-a7[data-kb-block=\"kb-adv-heading1206_5791b4-a7\"]{font-style:normal;}.wp-block-kadence-advancedheading.kt-adv-heading1206_5791b4-a7 mark.kt-highlight, .wp-block-kadence-advancedheading.kt-adv-heading1206_5791b4-a7[data-kb-block=\"kb-adv-heading1206_5791b4-a7\"] mark.kt-highlight{font-style:normal;color:#f76a0c;-webkit-box-decoration-break:clone;box-decoration-break:clone;padding-top:0px;padding-right:0px;padding-bottom:0px;padding-left:0px;}.wp-block-kadence-advancedheading.kt-adv-heading1206_5791b4-a7 img.kb-inline-image, .wp-block-kadence-advancedheading.kt-adv-heading1206_5791b4-a7[data-kb-block=\"kb-adv-heading1206_5791b4-a7\"] img.kb-inline-image{width:150px;vertical-align:baseline;}<\/style>\n<p class=\"kt-adv-heading1206_5791b4-a7 wp-block-kadence-advancedheading\" data-kb-block=\"kb-adv-heading1206_5791b4-a7\">Memorie di un cane sciolto I<\/p>\n\n\n<style>.wp-block-kadence-advancedheading.kt-adv-heading1206_245507-c9_0, .wp-block-kadence-advancedheading.kt-adv-heading1206_245507-c9_0[data-kb-block=\"kb-adv-heading1206_245507-c9_0\"]{font-style:normal;}.wp-block-kadence-advancedheading.kt-adv-heading1206_245507-c9_0 mark.kt-highlight, .wp-block-kadence-advancedheading.kt-adv-heading1206_245507-c9_0[data-kb-block=\"kb-adv-heading1206_245507-c9_0\"] mark.kt-highlight{font-style:normal;color:#f76a0c;-webkit-box-decoration-break:clone;box-decoration-break:clone;padding-top:0px;padding-right:0px;padding-bottom:0px;padding-left:0px;}.wp-block-kadence-advancedheading.kt-adv-heading1206_245507-c9_0 img.kb-inline-image, .wp-block-kadence-advancedheading.kt-adv-heading1206_245507-c9_0[data-kb-block=\"kb-adv-heading1206_245507-c9_0\"] img.kb-inline-image{width:150px;vertical-align:baseline;}<\/style>\n<p class=\"kt-adv-heading1206_245507-c9_0 wp-block-kadence-advancedheading\" data-kb-block=\"kb-adv-heading1206_245507-c9_0\">La conversazione tra Mario Tronti e i curatori del libro di scritti <em>La rivoluzione in esilio<\/em>, Andrea Cerutti e Giulia Dettori, percorre i moventi e le tappe del pensiero politico di uno dei pi\u00f9 lucidi pensatori del &#8216;900 e di questo tempo.<\/p>\n\n\n\n<div class=\"wp-block-buttons is-content-justification-right is-layout-flex wp-container-core-buttons-is-layout-765c4724 wp-block-buttons-is-layout-flex\">\n<div class=\"wp-block-button\"><a class=\"wp-block-button__link wp-element-button\" href=\"https:\/\/archivista.info\/?p=1235&amp;preview=true\">leggi tutto<\/a><\/div>\n<\/div>\n<\/div><\/div>\n\n\n\n<div class=\"wp-block-media-text is-stacked-on-mobile is-vertically-aligned-top\" style=\"grid-template-columns:54% auto\"><figure class=\"wp-block-media-text__media\"><img loading=\"lazy\" decoding=\"async\" width=\"1024\" height=\"683\" src=\"https:\/\/archivista.info\/wp-content\/uploads\/2026\/03\/scott-rodgerson-z0MDyylvY1k-unsplash-1-scaled-e1774459586696-1024x683.jpg\" alt=\"\" class=\"wp-image-1219 size-full\" srcset=\"https:\/\/archivista.info\/wp-content\/uploads\/2026\/03\/scott-rodgerson-z0MDyylvY1k-unsplash-1-scaled-e1774459586696-1024x683.jpg 1024w, https:\/\/archivista.info\/wp-content\/uploads\/2026\/03\/scott-rodgerson-z0MDyylvY1k-unsplash-1-scaled-e1774459586696-300x200.jpg 300w, https:\/\/archivista.info\/wp-content\/uploads\/2026\/03\/scott-rodgerson-z0MDyylvY1k-unsplash-1-scaled-e1774459586696-768x512.jpg 768w, https:\/\/archivista.info\/wp-content\/uploads\/2026\/03\/scott-rodgerson-z0MDyylvY1k-unsplash-1-scaled-e1774459586696-1536x1024.jpg 1536w, https:\/\/archivista.info\/wp-content\/uploads\/2026\/03\/scott-rodgerson-z0MDyylvY1k-unsplash-1-scaled-e1774459586696-2048x1366.jpg 2048w, https:\/\/archivista.info\/wp-content\/uploads\/2026\/03\/scott-rodgerson-z0MDyylvY1k-unsplash-1-scaled-e1774459586696-272x182.jpg 272w\" sizes=\"auto, (max-width: 1024px) 100vw, 1024px\" \/><\/figure><div class=\"wp-block-media-text__content\">\n<h4 class=\"wp-block-heading\">Piccola storia artigianale dell&#8217;intelligenza Artificiale<\/h4>\n\n\n<style>.wp-block-kadence-advancedheading.kt-adv-heading1206_203d30-1f, .wp-block-kadence-advancedheading.kt-adv-heading1206_203d30-1f[data-kb-block=\"kb-adv-heading1206_203d30-1f\"]{font-style:normal;}.wp-block-kadence-advancedheading.kt-adv-heading1206_203d30-1f mark.kt-highlight, .wp-block-kadence-advancedheading.kt-adv-heading1206_203d30-1f[data-kb-block=\"kb-adv-heading1206_203d30-1f\"] mark.kt-highlight{font-style:normal;color:#f76a0c;-webkit-box-decoration-break:clone;box-decoration-break:clone;padding-top:0px;padding-right:0px;padding-bottom:0px;padding-left:0px;}.wp-block-kadence-advancedheading.kt-adv-heading1206_203d30-1f img.kb-inline-image, .wp-block-kadence-advancedheading.kt-adv-heading1206_203d30-1f[data-kb-block=\"kb-adv-heading1206_203d30-1f\"] img.kb-inline-image{width:150px;vertical-align:baseline;}<\/style>\n<p class=\"kt-adv-heading1206_203d30-1f wp-block-kadence-advancedheading\" data-kb-block=\"kb-adv-heading1206_203d30-1f\">L\u2019estensione dell\u2019intelligenza artificiale all\u2019insieme delle attivit\u00e0 quotidiane \u00e8 l\u2019indice che il presente ha fatto storia, ed \u00e8 la storia dei nostri giorni sulla scena della vita mondiale. \u00c9 una storia raccontata varie volte, ma che, per quanto si cerchi di cogliere l\u2019impercettibile, non coincide con ci\u00f2 che c\u2019\u00e8.<\/p>\n\n\n\n<div class=\"wp-block-buttons is-content-justification-right is-layout-flex wp-container-core-buttons-is-layout-765c4724 wp-block-buttons-is-layout-flex\">\n<div class=\"wp-block-button\"><a class=\"wp-block-button__link wp-element-button\" href=\"https:\/\/archivista.info\/index.php\/2026\/03\/26\/piccola-storia-artigianale-dellintelligenza-artificiale\/\">leggi tutto<\/a><\/div>\n<\/div>\n\n\n<style>.wp-block-kadence-advancedheading.kt-adv-heading1206_fe6fd4-ab, .wp-block-kadence-advancedheading.kt-adv-heading1206_fe6fd4-ab[data-kb-block=\"kb-adv-heading1206_fe6fd4-ab\"]{font-style:normal;}.wp-block-kadence-advancedheading.kt-adv-heading1206_fe6fd4-ab mark.kt-highlight, .wp-block-kadence-advancedheading.kt-adv-heading1206_fe6fd4-ab[data-kb-block=\"kb-adv-heading1206_fe6fd4-ab\"] mark.kt-highlight{font-style:normal;color:#f76a0c;-webkit-box-decoration-break:clone;box-decoration-break:clone;padding-top:0px;padding-right:0px;padding-bottom:0px;padding-left:0px;}.wp-block-kadence-advancedheading.kt-adv-heading1206_fe6fd4-ab img.kb-inline-image, .wp-block-kadence-advancedheading.kt-adv-heading1206_fe6fd4-ab[data-kb-block=\"kb-adv-heading1206_fe6fd4-ab\"] img.kb-inline-image{width:150px;vertical-align:baseline;}<\/style>\n<p class=\"kt-adv-heading1206_fe6fd4-ab wp-block-kadence-advancedheading\" data-kb-block=\"kb-adv-heading1206_fe6fd4-ab\"> <\/p>\n<\/div><\/div>\n\n\n\n<div class=\"wp-block-media-text is-stacked-on-mobile is-vertically-aligned-top\" style=\"grid-template-columns:54% auto\"><figure class=\"wp-block-media-text__media\"><img loading=\"lazy\" decoding=\"async\" width=\"1024\" height=\"683\" src=\"https:\/\/archivista.info\/wp-content\/uploads\/2026\/03\/lucas-k-wQLAGv4_OYs-unsplash-1024x683.jpg\" alt=\"\" class=\"wp-image-1220 size-full\" srcset=\"https:\/\/archivista.info\/wp-content\/uploads\/2026\/03\/lucas-k-wQLAGv4_OYs-unsplash-1024x683.jpg 1024w, https:\/\/archivista.info\/wp-content\/uploads\/2026\/03\/lucas-k-wQLAGv4_OYs-unsplash-300x200.jpg 300w, https:\/\/archivista.info\/wp-content\/uploads\/2026\/03\/lucas-k-wQLAGv4_OYs-unsplash-768x512.jpg 768w, https:\/\/archivista.info\/wp-content\/uploads\/2026\/03\/lucas-k-wQLAGv4_OYs-unsplash-1536x1024.jpg 1536w, https:\/\/archivista.info\/wp-content\/uploads\/2026\/03\/lucas-k-wQLAGv4_OYs-unsplash-2048x1365.jpg 2048w, https:\/\/archivista.info\/wp-content\/uploads\/2026\/03\/lucas-k-wQLAGv4_OYs-unsplash-272x182.jpg 272w\" sizes=\"auto, (max-width: 1024px) 100vw, 1024px\" \/><\/figure><div class=\"wp-block-media-text__content\">\n<h4 class=\"wp-block-heading\">La memoria che viene<\/h4>\n\n\n<style>.wp-block-kadence-advancedheading.kt-adv-heading1206_d60778-b0_0, .wp-block-kadence-advancedheading.kt-adv-heading1206_d60778-b0_0[data-kb-block=\"kb-adv-heading1206_d60778-b0_0\"]{font-style:normal;}.wp-block-kadence-advancedheading.kt-adv-heading1206_d60778-b0_0 mark.kt-highlight, .wp-block-kadence-advancedheading.kt-adv-heading1206_d60778-b0_0[data-kb-block=\"kb-adv-heading1206_d60778-b0_0\"] mark.kt-highlight{font-style:normal;color:#f76a0c;-webkit-box-decoration-break:clone;box-decoration-break:clone;padding-top:0px;padding-right:0px;padding-bottom:0px;padding-left:0px;}.wp-block-kadence-advancedheading.kt-adv-heading1206_d60778-b0_0 img.kb-inline-image, .wp-block-kadence-advancedheading.kt-adv-heading1206_d60778-b0_0[data-kb-block=\"kb-adv-heading1206_d60778-b0_0\"] img.kb-inline-image{width:150px;vertical-align:baseline;}<\/style>\n<p class=\"kt-adv-heading1206_d60778-b0_0 wp-block-kadence-advancedheading\" data-kb-block=\"kb-adv-heading1206_d60778-b0_0\">Gli appunti degli anni 1972-\u201979, raccolti con fatica e curati da Nicoletta Di Vita e Diego Ianiro e i primi due quaderni 1979-\u201981 formano il Volume I dei <strong><em>Quaderni<\/em><\/strong> del filosofo Giorgio Agamben che riferiscono l\u2019elaborazione compresa tra <em>Infanzia e storia<\/em> (1979) e il seminario <em>Il linguaggio e la morte<\/em> (1981).<\/p>\n<\/div><\/div>\n\n\n\n<div class=\"wp-block-buttons is-content-justification-right is-layout-flex wp-container-core-buttons-is-layout-765c4724 wp-block-buttons-is-layout-flex\">\n<div class=\"wp-block-button\"><a class=\"wp-block-button__link wp-element-button\" href=\"https:\/\/archivista.info\/index.php\/2026\/03\/26\/la-memoria-che-viene\/\">leggi tutto<\/a><\/div>\n<\/div>\n","protected":false},"excerpt":{"rendered":"<p>Il giornalismo filosofico \u00e8 un genere della critica che indaga il presente. La filosofia acquisisce una dimensione storico-critica e l&#8217;inchiesta si incentra sulla domanda &#8220;Cosa sta per accaderci?&#8221;, &#8220;chi siamo noi oggi?&#8221;. Michel Foucault scriveva che questa questione filosofica \u00e8 anche alla base del mestiere di giornalista.<\/p>\n","protected":false},"author":1,"featured_media":0,"parent":0,"menu_order":0,"comment_status":"closed","ping_status":"closed","template":"","meta":{"_monsterinsights_skip_tracking":false,"_monsterinsights_sitenote_active":false,"_monsterinsights_sitenote_note":"","_monsterinsights_sitenote_category":0,"_kad_post_transparent":"","_kad_post_title":"","_kad_post_layout":"default","_kad_post_sidebar_id":"","_kad_post_content_style":"default","_kad_post_vertical_padding":"hide","_kad_post_feature":"","_kad_post_feature_position":"","_kad_post_header":false,"_kad_post_footer":false,"_kad_post_classname":"","footnotes":""},"class_list":["post-1206","page","type-page","status-publish","hentry"],"_links":{"self":[{"href":"https:\/\/archivista.info\/index.php\/wp-json\/wp\/v2\/pages\/1206","targetHints":{"allow":["GET"]}}],"collection":[{"href":"https:\/\/archivista.info\/index.php\/wp-json\/wp\/v2\/pages"}],"about":[{"href":"https:\/\/archivista.info\/index.php\/wp-json\/wp\/v2\/types\/page"}],"author":[{"embeddable":true,"href":"https:\/\/archivista.info\/index.php\/wp-json\/wp\/v2\/users\/1"}],"replies":[{"embeddable":true,"href":"https:\/\/archivista.info\/index.php\/wp-json\/wp\/v2\/comments?post=1206"}],"version-history":[{"count":32,"href":"https:\/\/archivista.info\/index.php\/wp-json\/wp\/v2\/pages\/1206\/revisions"}],"predecessor-version":[{"id":1378,"href":"https:\/\/archivista.info\/index.php\/wp-json\/wp\/v2\/pages\/1206\/revisions\/1378"}],"wp:attachment":[{"href":"https:\/\/archivista.info\/index.php\/wp-json\/wp\/v2\/media?parent=1206"}],"curies":[{"name":"wp","href":"https:\/\/api.w.org\/{rel}","templated":true}]}}