{"id":214,"date":"2025-10-02T17:21:49","date_gmt":"2025-10-02T15:21:49","guid":{"rendered":"https:\/\/archivista.info\/?page_id=214"},"modified":"2025-10-17T16:16:21","modified_gmt":"2025-10-17T14:16:21","slug":"labarch17","status":"publish","type":"page","link":"https:\/\/archivista.info\/index.php\/labarch17\/","title":{"rendered":"labarch17"},"content":{"rendered":"\n<div class=\"wp-block-group alignwide is-vertical is-content-justification-stretch is-layout-flex wp-container-core-group-is-layout-a42ae012 wp-block-group-is-layout-flex\">\n<h2 class=\"wp-block-heading has-text-align-center\">articoli 2017<\/h2>\n\n\n\n<figure class=\"wp-block-image size-large is-resized\"><img loading=\"lazy\" decoding=\"async\" width=\"1024\" height=\"536\" src=\"https:\/\/archivista.info\/wp-content\/uploads\/2025\/10\/cropped-cropped-PROVA_LOGO_SITO-1-scaled-1-1200x628-copia-1024x536.jpg\" alt=\"\" class=\"wp-image-399\" style=\"width:213px;height:auto\" srcset=\"https:\/\/archivista.info\/wp-content\/uploads\/2025\/10\/cropped-cropped-PROVA_LOGO_SITO-1-scaled-1-1200x628-copia-1024x536.jpg 1024w, https:\/\/archivista.info\/wp-content\/uploads\/2025\/10\/cropped-cropped-PROVA_LOGO_SITO-1-scaled-1-1200x628-copia-300x157.jpg 300w, https:\/\/archivista.info\/wp-content\/uploads\/2025\/10\/cropped-cropped-PROVA_LOGO_SITO-1-scaled-1-1200x628-copia-768x402.jpg 768w, https:\/\/archivista.info\/wp-content\/uploads\/2025\/10\/cropped-cropped-PROVA_LOGO_SITO-1-scaled-1-1200x628-copia.jpg 1200w\" sizes=\"auto, (max-width: 1024px) 100vw, 1024px\" \/><\/figure>\n\n\n\n<hr class=\"wp-block-separator has-alpha-channel-opacity\"\/>\n\n\n\n<p>Nildo Avelino,<br><em><a href=\"https:\/\/archivista.info\/wp-content\/uploads\/2025\/10\/0102-6909-rbcsoc-3293042017.pdf\">CONFISS\u00c3O E NORMATIVIDADE POL\u00cdTICA Controle da subjetividade e produ\u00e7\u00e3o do sujeito<\/a><\/em><\/p>\n\n\n\n<p>Nildo Avelino, <em><a href=\"https:\/\/archivista.info\/wp-content\/uploads\/2025\/10\/21825-67785-1-SM.pdf\">Foucault e a racionalidade (neo)liberal<\/a><\/em><\/p>\n\n\n\n<p>Paolo Vernaglione Berardi, <em><a href=\"https:\/\/archivista.info\/wp-content\/uploads\/2025\/10\/Che-cose-reale.pdf\">Reale, cosa?<\/a><\/em><\/p>\n\n\n\n<p>Alessandro Baccarin, <em><a href=\"https:\/\/archivista.info\/wp-content\/uploads\/2025\/10\/Pamphila-pdf.pdf\">Pamphila, la &#8220;filosofa erotica&#8221;<\/a><\/em><\/p>\n\n\n\n<p>Enrico Euli, <em><a href=\"https:\/\/archivista.info\/wp-content\/uploads\/2025\/10\/Gita-in-treno.pdf\">Gita in treno<\/a><\/em><\/p>\n\n\n\n<p>Alessandro Baccarin, <em><a href=\"https:\/\/archivista.info\/wp-content\/uploads\/2025\/10\/Il-potere-destituente-del-sonno.pdf\">Il potere destituente del sonno<\/a><\/em><\/p>\n\n\n\n<p>Paolo Vernaglione Berardi, <em><a href=\"https:\/\/archivista.info\/wp-content\/uploads\/2025\/10\/Autoritratto-1.pdf\">Autoritratto di una vita<\/a><\/em><\/p>\n\n\n\n<p>Paolo Vernaglione Berardi, <em><a href=\"https:\/\/archivista.info\/wp-content\/uploads\/2025\/10\/Che-cose-il-giornalismo-filosofico.pdf\">Giornalismo filosofico<\/a><\/em><\/p>\n\n\n\n<p>Paolo Vernaglione Berardi, <a href=\"https:\/\/archivista.info\/wp-content\/uploads\/2025\/10\/Dal-comune-alla-Comune.pdf\">Dal <em>comune<\/em> alla Comune<\/a><\/p>\n\n\n\n<p>Alessandro Baccarin, <em><a href=\"https:\/\/archivista.info\/wp-content\/uploads\/2025\/10\/Colonia-penale.pdf\">La colonia penale<\/a><\/em><\/p>\n\n\n\n<p>A. Baccarin &#8211; P. V. Berardi, <em><a href=\"https:\/\/archivista.info\/wp-content\/uploads\/2025\/10\/Politiche-di-morte-e-governo-della-vita.pdf\">Politiche di morte e governo della vita<\/a><\/em><\/p>\n\n\n\n<p>David Murakami Wood, <em><a href=\"https:\/\/archivista.info\/wp-content\/uploads\/2025\/10\/surv-e-soc.pdf\">The Global Turn to Authoritarianism and After<\/a><\/em><\/p>\n\n\n\n<p>Giuseppe D&#8217;Acunto, <em><a href=\"https:\/\/archivista.info\/wp-content\/uploads\/2025\/10\/jullien.pdf\">Il pensiero ad oriente<\/a><\/em><\/p>\n\n\n\n<p>Alessandro Baccarin, <em><a href=\"https:\/\/archivista.info\/wp-content\/uploads\/2025\/10\/La-metafisica-del-boia.pdf\">La metafisica del boia<\/a><\/em><\/p>\n\n\n\n<p>Walter Tossici, <em><a href=\"https:\/\/archivista.info\/wp-content\/uploads\/2025\/10\/L-inoperosita-e-le-sue-vie-.pdf\">L&#8217;inoperosit\u00e0 e le sue vie<\/a><\/em><\/p>\n\n\n\n<p><\/p>\n<\/div>\n","protected":false},"excerpt":{"rendered":"<p>articoli 2017 Nildo Avelino,CONFISS\u00c3O E NORMATIVIDADE POL\u00cdTICA Controle da subjetividade e produ\u00e7\u00e3o do sujeito Nildo Avelino, Foucault e a racionalidade (neo)liberal Paolo Vernaglione Berardi, Reale, cosa? Alessandro Baccarin, Pamphila, la &#8220;filosofa erotica&#8221; Enrico Euli, Gita in treno Alessandro Baccarin, Il potere destituente del sonno Paolo Vernaglione Berardi, Autoritratto di una vita Paolo Vernaglione Berardi, Giornalismo&#8230;<\/p>\n","protected":false},"author":1,"featured_media":0,"parent":0,"menu_order":14,"comment_status":"closed","ping_status":"closed","template":"","meta":{"_monsterinsights_skip_tracking":false,"_monsterinsights_sitenote_active":false,"_monsterinsights_sitenote_note":"","_monsterinsights_sitenote_category":0,"_kad_post_transparent":"","_kad_post_title":"","_kad_post_layout":"","_kad_post_sidebar_id":"","_kad_post_content_style":"","_kad_post_vertical_padding":"","_kad_post_feature":"","_kad_post_feature_position":"","_kad_post_header":false,"_kad_post_footer":false,"_kad_post_classname":"","footnotes":""},"class_list":["post-214","page","type-page","status-publish","hentry"],"_links":{"self":[{"href":"https:\/\/archivista.info\/index.php\/wp-json\/wp\/v2\/pages\/214","targetHints":{"allow":["GET"]}}],"collection":[{"href":"https:\/\/archivista.info\/index.php\/wp-json\/wp\/v2\/pages"}],"about":[{"href":"https:\/\/archivista.info\/index.php\/wp-json\/wp\/v2\/types\/page"}],"author":[{"embeddable":true,"href":"https:\/\/archivista.info\/index.php\/wp-json\/wp\/v2\/users\/1"}],"replies":[{"embeddable":true,"href":"https:\/\/archivista.info\/index.php\/wp-json\/wp\/v2\/comments?post=214"}],"version-history":[{"count":0,"href":"https:\/\/archivista.info\/index.php\/wp-json\/wp\/v2\/pages\/214\/revisions"}],"wp:attachment":[{"href":"https:\/\/archivista.info\/index.php\/wp-json\/wp\/v2\/media?parent=214"}],"curies":[{"name":"wp","href":"https:\/\/api.w.org\/{rel}","templated":true}]}}