{"id":241,"date":"2025-10-06T14:30:36","date_gmt":"2025-10-06T12:30:36","guid":{"rendered":"https:\/\/archivista.info\/?page_id=241"},"modified":"2025-10-17T16:20:00","modified_gmt":"2025-10-17T14:20:00","slug":"labarch21","status":"publish","type":"page","link":"https:\/\/archivista.info\/index.php\/labarch21\/","title":{"rendered":"labarch21"},"content":{"rendered":"\n<div class=\"wp-block-group alignwide is-vertical is-content-justification-stretch is-layout-flex wp-container-core-group-is-layout-a42ae012 wp-block-group-is-layout-flex\">\n<h2 class=\"wp-block-heading has-text-align-center\">articoli 2021<\/h2>\n\n\n\n<figure class=\"wp-block-image size-large is-resized\"><img loading=\"lazy\" decoding=\"async\" width=\"1024\" height=\"536\" src=\"https:\/\/archivista.info\/wp-content\/uploads\/2025\/10\/cropped-cropped-PROVA_LOGO_SITO-1-scaled-1-1200x628-copia-1024x536.jpg\" alt=\"\" class=\"wp-image-399\" style=\"width:193px;height:auto\" srcset=\"https:\/\/archivista.info\/wp-content\/uploads\/2025\/10\/cropped-cropped-PROVA_LOGO_SITO-1-scaled-1-1200x628-copia-1024x536.jpg 1024w, https:\/\/archivista.info\/wp-content\/uploads\/2025\/10\/cropped-cropped-PROVA_LOGO_SITO-1-scaled-1-1200x628-copia-300x157.jpg 300w, https:\/\/archivista.info\/wp-content\/uploads\/2025\/10\/cropped-cropped-PROVA_LOGO_SITO-1-scaled-1-1200x628-copia-768x402.jpg 768w, https:\/\/archivista.info\/wp-content\/uploads\/2025\/10\/cropped-cropped-PROVA_LOGO_SITO-1-scaled-1-1200x628-copia.jpg 1200w\" sizes=\"auto, (max-width: 1024px) 100vw, 1024px\" \/><\/figure>\n\n\n\n<hr class=\"wp-block-separator has-alpha-channel-opacity\"\/>\n\n\n\n<p>Gerardo Munoz, <a href=\"https:\/\/archivista.info\/wp-content\/uploads\/2025\/10\/Holderlin-nel-suo-250\u00b0-anniversario.pdf\"><em>H\u00f6lderlin nel suo 250\u00b0 anniversario. Intervista alla germanista e traduttrice<\/em> Helena C. Gabaud\u00e1n<\/a><\/p>\n\n\n\n<p>Leonardo Mastromauro, <em><a href=\"https:\/\/archivista.info\/wp-content\/uploads\/2025\/10\/Archeologia-della-felicita.pdf\">Archeologia della felicit\u00e0<\/a><\/em><\/p>\n\n\n\n<p>Alessandro Baccarin &#8211; Ermanno Castan\u00f2, <em><a href=\"https:\/\/archivista.info\/wp-content\/uploads\/2025\/10\/Natura-destituita.pdf\">Natura destitu\u00ecta<\/a><\/em><\/p>\n\n\n\n<p>Kieran Aarons, <em><a href=\"https:\/\/archivista.info\/wp-content\/uploads\/2025\/10\/Destituzione-e-Creazione.-Il-gesto-messianico-di-Agamben.pdf\">Destituzione e creazione. Il gesto messianico di Agamben<\/a><\/em><\/p>\n\n\n\n<p>Ottavio Marzocca, <em><a href=\"https:\/\/archivista.info\/wp-content\/uploads\/2025\/10\/esperienza-di-Massimo-Nicola-de-Feo.pdf\">L&#8217;esperienza di Nicola Massimo De Feo. Elementi per una ricostruzione<\/a><\/em><\/p>\n\n\n\n<p>Simone Raviola, <em><a href=\"https:\/\/archivista.info\/wp-content\/uploads\/2025\/10\/La-natura-dell-Origine.pdf\">La natura dell&#8217;origine. Tempo, molteplice, gioco<\/a><\/em><\/p>\n<\/div>\n\n\n\n<p>Monica Ferrando, <em><a href=\"https:\/\/archivista.info\/wp-content\/uploads\/2025\/10\/Terra-giustissima.-Sulle-tracce-dei-Morti.pdf\">Terra giustissima. Sulle tracce dei morti<\/a><\/em><\/p>\n\n\n\n<p>Malte Fabian-Rauch: <em><a href=\"https:\/\/archivista.info\/wp-content\/uploads\/2025\/10\/An-arche-e-Indifferenza.pdf\">An-arch\u00e9 e indifferenza:tra Giorgio Agamben e Reiner Sch\u00fcrmann<\/a><\/em><\/p>\n\n\n\n<p>Nicola Massimo de Feo, <em>I<a href=\"https:\/\/archivista.info\/wp-content\/uploads\/2025\/10\/Il-sacro-e-il-potere-in-Heidegger.pdf\">l sacro e il potere in Heidegger<\/a><\/em><\/p>\n\n\n\n<p>Leonardo Mastromauro, <em><a href=\"https:\/\/archivista.info\/wp-content\/uploads\/2025\/10\/La-macchina-geopolitica.pdf\">La macchina geopolitica. Dal dominio alla destituzione della terra<\/a><\/em><\/p>\n\n\n\n<p>Stefania Consigliere, <em><a href=\"https:\/\/archivista.info\/wp-content\/uploads\/2025\/10\/La-via-del-disincanto.-Constatazione-e-alcuni-rischi.pdf\">La via del disincanto. Constatazione, e alcuni rischi<\/a><\/em><\/p>\n\n\n\n<p>Pierandrea Amato &#8211; Luca Salza, <em><a href=\"https:\/\/archivista.info\/wp-content\/uploads\/2025\/10\/Visioni-politiche-e-diserzione-popolare.pdf\">Visioni politiche e diserzione popolare<\/a><\/em><\/p>\n\n\n\n<p>Marco Tabacchini, <em><a href=\"https:\/\/archivista.info\/wp-content\/uploads\/2025\/10\/Geomitologia-della-Grecia.-La-dittatura-dei-colonnelli-nel-prisma-di-Furio-Jesi.pdf\">Geomitologia della Grecia. La dittatura dei colonnelli nel prisma di Furio Jesi<\/a><\/em><\/p>\n\n\n\n<p>Andrea Russo, <em><a href=\"https:\/\/archivista.info\/wp-content\/uploads\/2025\/10\/La-comunita-come-posto-vuoto.pdf\">La comunit\u00e0 come posto vuoto<\/a><\/em><\/p>\n\n\n\n<p>Paolo Vernaglione Berardi, <em><a href=\"https:\/\/archivista.info\/wp-content\/uploads\/2025\/10\/la-via-del-samaritano.pdf\">La via del samaritano. In conversazione con Ivan Illich<\/a><\/em><\/p>\n\n\n\n<p>Gaia Benzi, <em><a href=\"https:\/\/archivista.info\/wp-content\/uploads\/2025\/10\/Machiavelli-e-la-semiotica-della-storia.pdf\">Machiavelli e la semiotica della storia<\/a><\/em><\/p>\n\n\n\n<p>Stefania Consigliere, <em><a href=\"https:\/\/archivista.info\/wp-content\/uploads\/2025\/10\/Magia-incanto-immaginario.pdf\">Magia, incanto e immaginario<\/a><\/em><\/p>\n\n\n\n<p>Sergio Villalobos-Ruminott, <em><a href=\"https:\/\/archivista.info\/wp-content\/uploads\/2025\/10\/Mito-distruzione-e-rivolta.-Note-su-Furio-Jesi.pdf\">Mito, distruzione e rivolta: note su Furio Jesi<\/a><\/em><\/p>\n\n\n\n<p>Ottavio Marzocca, <em><a href=\"https:\/\/archivista.info\/wp-content\/uploads\/2025\/10\/Sorveglianza-globale-e-metropoli-pandemica.pdf\">Sorveglianza globale e metropoli pandemica. Attualit\u00e0 e genealogia di un disastro<\/a><\/em><\/p>\n\n\n\n<p>Fr\u00e9d\u00e9ric Neyrat, <em><a href=\"https:\/\/archivista.info\/wp-content\/uploads\/2025\/10\/Sotto-comete.pdf\">Sotto-comete. Sulla struttura dell&#8217;antagonismo e il campo cosmo-geologico<\/a><\/em><\/p>\n\n\n\n<p>Paolo Godani, <em><a href=\"https:\/\/archivista.info\/wp-content\/uploads\/2025\/10\/Tratti.-Perche-gli-individui-non-esistono.pdf\">Tratti. Perch\u00e8 gli individui non esistono<\/a><\/em><\/p>\n\n\n\n<p>Leonardo Mastromauro, <em><a href=\"https:\/\/archivista.info\/wp-content\/uploads\/2025\/10\/Adam-e-Adamah.-La-coscienza-come-dispositivo-biopolitico.pdf\">Adam e Adamah. La coscienza come dispositivo biopolitico<\/a><\/em><\/p>\n\n\n\n<p>Alessandro Cosentino &#8211; Francesca Ferrari, <em><a href=\"https:\/\/archivista.info\/wp-content\/uploads\/2025\/10\/Commento-a-Il-dio-che-danza-di-Paolo-Pecere.pdf\">Commento a Il Dio che danza<\/a><\/em><\/p>\n\n\n\n<p>Lundi Matin, <em><a href=\"https:\/\/archivista.info\/wp-content\/uploads\/2025\/10\/Demolire-la-cultura-di-destra.pdf\">Demolire la cultura di destra. Intervista a A. Cavalletti<\/a><\/em><\/p>\n\n\n\n<p>Roberto Baldini, <em><a href=\"https:\/\/archivista.info\/wp-content\/uploads\/2025\/10\/Filosofi-e-sciamani.-Ponti-fra-mondi.pdf\">Filosofi e sciamani. Ponti fra mondi<\/a><\/em><\/p>\n\n\n\n<p>Paolo Vernaglione Berardi, <em><a href=\"https:\/\/archivista.info\/wp-content\/uploads\/2025\/10\/La-musa-il-folle-il-poeta.pdf\">La musa, il folle, il poeta<\/a><\/em><\/p>\n\n\n\n<p>Edoardo Fabbri &#8211; Maria Pone, <em><a href=\"https:\/\/archivista.info\/wp-content\/uploads\/2025\/10\/Spostamenti.-Il-progetto-minore-di-Camillo-Boano-copia.pdf\">Spostamenti. Il &#8216;progetto minore&#8217; di Camillo Boano<\/a><\/em><\/p>\n\n\n\n<p>Fr\u00e9deric Thomas, <em><a href=\"https:\/\/archivista.info\/wp-content\/uploads\/2025\/10\/Rimbaud-Comunardo.-Un-programma-poetico-per-la-Comune-di-Parigi.pdf\">Remabud comunardo. un programma poetico per la comune di Parigi<\/a><\/em><\/p>\n\n\n\n<p>James Martel, Emanuele E. Pelilli, <em><a href=\"https:\/\/archivista.info\/wp-content\/uploads\/2025\/10\/Come-interrompere-una-dialettica.pdf\">Come interrompere una dialettica: Walter Benjamin, Furio Jesi e la rivolta contro il tempo<\/a><\/em><\/p>\n\n\n\n<p>Josep Rafanell i Orra, <em><a href=\"https:\/\/archivista.info\/wp-content\/uploads\/2025\/10\/Il-mondo-sta-tornando.-Abbozzo-di-un-antipolitica.pdf\">Il mondo sta tornando: abbozzo per un&#8217;antipolitica<\/a><\/em><\/p>\n\n\n\n<p>Rodrigo Karmy, <em><a href=\"https:\/\/archivista.info\/wp-content\/uploads\/2025\/10\/Sei-tesi-destituenti.pdf\">Sei tesi destituenti<\/a><\/em><\/p>\n\n\n\n<p>Paolo Vernaglione Berardi, <a href=\"https:\/\/archivista.info\/wp-content\/uploads\/2025\/10\/Una-lettrice-poco-comune.pdf\">Una lettrice poco comune<\/a><\/p>\n\n\n\n<p>Rodrigo Karmy Bolton, <em><a href=\"https:\/\/archivista.info\/wp-content\/uploads\/2025\/10\/Lanarchia-degli-inizi.-Note-sulla-ritmicita-della-rivolta.pdf\">L&#8217;anarchia degli inizi. Note sulla ritmicit\u00e0 della rivolta<\/a><\/em><\/p>\n\n\n\n<p>Alessandro Baccarin, <em><a href=\"https:\/\/archivista.info\/wp-content\/uploads\/2025\/10\/Nelle-maglie-della-Tecnica.-Cosmogonie-e-narrazioni-assolute-1.pdf\">Nelle maglie della tecnica. Cosmogonie e narrazioni assolute<\/a><\/em><\/p>\n\n\n\n<p>Paolo Mottana, <em><a href=\"https:\/\/archivista.info\/wp-content\/uploads\/2025\/10\/Prefazione.-Ribellione-infanzia.pdf\">La ribellione dell&#8217;infanzia<\/a><\/em><\/p>\n\n\n\n<p>Ottavio Marzocca, <em><a href=\"https:\/\/archivista.info\/wp-content\/uploads\/2025\/10\/Sovranofobia-e-miopia-biosferica.pdf\">Sovranofobia e miopia biosferica<\/a><\/em><\/p>\n\n\n\n<p>Donatella Di Cesare, <em><a href=\"https:\/\/archivista.info\/wp-content\/uploads\/2025\/10\/A-Nord-del-futuro.pdf\">A nord del futuro<\/a><\/em><\/p>\n\n\n\n<p>Paolo Vernaglione Berardi, <em><a href=\"https:\/\/archivista.info\/wp-content\/uploads\/2025\/10\/Luce-dall-esilio.pdf\">Mar\u00eca Zambrano, luce dall&#8217;esilio<\/a><\/em><\/p>\n","protected":false},"excerpt":{"rendered":"<p>articoli 2021 Gerardo Munoz, H\u00f6lderlin nel suo 250\u00b0 anniversario. Intervista alla germanista e traduttrice Helena C. Gabaud\u00e1n Leonardo Mastromauro, Archeologia della felicit\u00e0 Alessandro Baccarin &#8211; Ermanno Castan\u00f2, Natura destitu\u00ecta Kieran Aarons, Destituzione e creazione. Il gesto messianico di Agamben Ottavio Marzocca, L&#8217;esperienza di Nicola Massimo De Feo. Elementi per una ricostruzione Simone Raviola, La natura&#8230;<\/p>\n","protected":false},"author":1,"featured_media":0,"parent":0,"menu_order":18,"comment_status":"closed","ping_status":"closed","template":"","meta":{"_monsterinsights_skip_tracking":false,"_monsterinsights_sitenote_active":false,"_monsterinsights_sitenote_note":"","_monsterinsights_sitenote_category":0,"_kad_post_transparent":"","_kad_post_title":"","_kad_post_layout":"","_kad_post_sidebar_id":"","_kad_post_content_style":"","_kad_post_vertical_padding":"","_kad_post_feature":"","_kad_post_feature_position":"","_kad_post_header":false,"_kad_post_footer":false,"_kad_post_classname":"","footnotes":""},"class_list":["post-241","page","type-page","status-publish","hentry"],"_links":{"self":[{"href":"https:\/\/archivista.info\/index.php\/wp-json\/wp\/v2\/pages\/241","targetHints":{"allow":["GET"]}}],"collection":[{"href":"https:\/\/archivista.info\/index.php\/wp-json\/wp\/v2\/pages"}],"about":[{"href":"https:\/\/archivista.info\/index.php\/wp-json\/wp\/v2\/types\/page"}],"author":[{"embeddable":true,"href":"https:\/\/archivista.info\/index.php\/wp-json\/wp\/v2\/users\/1"}],"replies":[{"embeddable":true,"href":"https:\/\/archivista.info\/index.php\/wp-json\/wp\/v2\/comments?post=241"}],"version-history":[{"count":0,"href":"https:\/\/archivista.info\/index.php\/wp-json\/wp\/v2\/pages\/241\/revisions"}],"wp:attachment":[{"href":"https:\/\/archivista.info\/index.php\/wp-json\/wp\/v2\/media?parent=241"}],"curies":[{"name":"wp","href":"https:\/\/api.w.org\/{rel}","templated":true}]}}