{"id":270,"date":"2025-10-08T19:52:56","date_gmt":"2025-10-08T17:52:56","guid":{"rendered":"https:\/\/archivista.info\/?page_id=270"},"modified":"2025-10-17T16:21:36","modified_gmt":"2025-10-17T14:21:36","slug":"labarch22","status":"publish","type":"page","link":"https:\/\/archivista.info\/index.php\/labarch22\/","title":{"rendered":"labarch23"},"content":{"rendered":"\n<p class=\"has-text-align-center\"><strong>articoli 2023<\/strong><\/p>\n\n\n\n<figure class=\"wp-block-image size-large is-resized\"><img loading=\"lazy\" decoding=\"async\" width=\"1024\" height=\"536\" src=\"https:\/\/archivista.info\/wp-content\/uploads\/2025\/10\/cropped-cropped-PROVA_LOGO_SITO-1-scaled-1-1200x628-copia-1024x536.jpg\" alt=\"\" class=\"wp-image-399\" style=\"width:189px;height:auto\" srcset=\"https:\/\/archivista.info\/wp-content\/uploads\/2025\/10\/cropped-cropped-PROVA_LOGO_SITO-1-scaled-1-1200x628-copia-1024x536.jpg 1024w, https:\/\/archivista.info\/wp-content\/uploads\/2025\/10\/cropped-cropped-PROVA_LOGO_SITO-1-scaled-1-1200x628-copia-300x157.jpg 300w, https:\/\/archivista.info\/wp-content\/uploads\/2025\/10\/cropped-cropped-PROVA_LOGO_SITO-1-scaled-1-1200x628-copia-768x402.jpg 768w, https:\/\/archivista.info\/wp-content\/uploads\/2025\/10\/cropped-cropped-PROVA_LOGO_SITO-1-scaled-1-1200x628-copia.jpg 1200w\" sizes=\"auto, (max-width: 1024px) 100vw, 1024px\" \/><\/figure>\n\n\n\n<hr class=\"wp-block-separator has-alpha-channel-opacity\"\/>\n\n\n\n<p>J\u00e9r\u00f4me Baschet, <em><a href=\"https:\/\/archivista.info\/wp-content\/uploads\/2025\/10\/ribellione-memoria.pdf\">La ribellione della memoria. Temporalit\u00e0 e storia nel movimento zapatista<\/a><\/em><\/p>\n\n\n\n<p>Paolo Vernaglione Berardi, <em><a href=\"https:\/\/archivista.info\/wp-content\/uploads\/2025\/10\/Promemoria-dell_archeologia-copia.pdf\">Promemoria dell&#8217;archeologia<\/a><\/em><\/p>\n\n\n\n<p><\/p>\n","protected":false},"excerpt":{"rendered":"<p>articoli 2023 J\u00e9r\u00f4me Baschet, La ribellione della memoria. Temporalit\u00e0 e storia nel movimento zapatista Paolo Vernaglione Berardi, Promemoria dell&#8217;archeologia<\/p>\n","protected":false},"author":1,"featured_media":0,"parent":0,"menu_order":19,"comment_status":"closed","ping_status":"closed","template":"","meta":{"_monsterinsights_skip_tracking":false,"_monsterinsights_sitenote_active":false,"_monsterinsights_sitenote_note":"","_monsterinsights_sitenote_category":0,"_kad_post_transparent":"","_kad_post_title":"","_kad_post_layout":"","_kad_post_sidebar_id":"","_kad_post_content_style":"","_kad_post_vertical_padding":"","_kad_post_feature":"","_kad_post_feature_position":"","_kad_post_header":false,"_kad_post_footer":false,"_kad_post_classname":"","footnotes":""},"class_list":["post-270","page","type-page","status-publish","hentry"],"_links":{"self":[{"href":"https:\/\/archivista.info\/index.php\/wp-json\/wp\/v2\/pages\/270","targetHints":{"allow":["GET"]}}],"collection":[{"href":"https:\/\/archivista.info\/index.php\/wp-json\/wp\/v2\/pages"}],"about":[{"href":"https:\/\/archivista.info\/index.php\/wp-json\/wp\/v2\/types\/page"}],"author":[{"embeddable":true,"href":"https:\/\/archivista.info\/index.php\/wp-json\/wp\/v2\/users\/1"}],"replies":[{"embeddable":true,"href":"https:\/\/archivista.info\/index.php\/wp-json\/wp\/v2\/comments?post=270"}],"version-history":[{"count":0,"href":"https:\/\/archivista.info\/index.php\/wp-json\/wp\/v2\/pages\/270\/revisions"}],"wp:attachment":[{"href":"https:\/\/archivista.info\/index.php\/wp-json\/wp\/v2\/media?parent=270"}],"curies":[{"name":"wp","href":"https:\/\/api.w.org\/{rel}","templated":true}]}}